{"id":2631,"date":"2015-02-18T15:39:00","date_gmt":"2015-02-18T14:39:00","guid":{"rendered":"http:\/\/www.sabadelltrasters.com\/?page_id=2631"},"modified":"2017-03-03T13:42:21","modified_gmt":"2017-03-03T12:42:21","slug":"lloguer-de-trasters-sabadell","status":"publish","type":"page","link":"https:\/\/sabadelltrasters.com\/ca\/","title":{"rendered":"Lloguer de trasters a Sabadell"},"content":{"rendered":"<div class=\"row \">\n<div class=\"span3 \"><a href=\"\/sabadell-trasters-s\/\"><div class=\"title-box clearfix \"><h2 class=\"title-box_primary\">Trasters 'S'<\/h2><\/div><!-- \/\/.title-box --><div class=\"banner-wrap \"><figure class=\"featured-thumbnail\"><img decoding=\"async\" src=\"http:\/\/sabadelltrasters.com\/\/images\/home\/alquier-de-trasteros-s.jpg\" title=\"Trasters petits\" alt=\"\" \/><\/figure><h5>Trasters petits<\/h5><p>A Sabadell Business Center disposem de 20 trasters entre 1,20 i 1,70 m2. Amb uns preus des de nom\u00e9s <strong style='color: #2c3c65; font-size: 1.2em;'>22\u20ac\/mes<\/strong>.<\/p><div class=\"link-align\"><a href=\"sabadell-trasters-s\/\" title=\"Llegir m\u00e9s\" class=\"btn btn-link\" target=\"_self\">Llegir m\u00e9s<\/a><\/div><\/div><!-- .banner-wrap (end) --><\/a><\/div>\n<div class=\"span3 \"><a href=\"\/sabadell-trasters-m\/\"><div class=\"title-box clearfix \"><h2 class=\"title-box_primary\">Trasters 'M'<\/h2><\/div><!-- \/\/.title-box --><div class=\"banner-wrap \"><figure class=\"featured-thumbnail\"><img decoding=\"async\" src=\"http:\/\/sabadelltrasters.com\/\/images\/home\/alquier-de-trasteros-m.jpg\" title=\"Trasters mitjans\" alt=\"\" \/><\/figure><h5>Trasters mitjans<\/h5><p>Disposem de 10 trasters en lloguer a Sabadell d' entre 7 i 10 m2. Amb un preu des de tan sol <strong style='color: #2c3c65; font-size: 1.2em;'>80\u20ac\/mes<\/strong>.<br \/>\n<\/p><div class=\"link-align\"><a href=\"sabadell-trasters-m\/ \" title=\"Llegir m\u00e9s\" class=\"btn btn-link\" target=\"_self\">Llegir m\u00e9s<\/a><\/div><\/div><!-- .banner-wrap (end) --><\/a><\/div>\n<div class=\"span3 \"><a href=\"\/sabadell-trasters-l\/\"><div class=\"title-box clearfix \"><h2 class=\"title-box_primary\">Trasters 'L'<\/h2><\/div><!-- \/\/.title-box --><div class=\"banner-wrap \"><figure class=\"featured-thumbnail\"><img decoding=\"async\" src=\"http:\/\/sabadelltrasters.com\/\/images\/home\/alquier-de-trasteros-l.jpg\" title=\"Trasters grans\" alt=\"\" \/><\/figure><h5>Trasters grans<\/h5><p>Per a grans necessitats disposem tamb\u00e9 de trasters de entre 20 i 25 m2. Amb uns preus des de <strong style='color: #2c3c65; font-size: 1.2em;'>171\u20ac\/mes<\/strong>.<br \/>\n<\/p><div class=\"link-align\"><a href=\"sabadell-trasters-l\/\" title=\"Llegir m\u00e9s\" class=\"btn btn-link\" target=\"_self\">Llegir m\u00e9s<\/a><\/div><\/div><!-- .banner-wrap (end) --><\/a><\/div>\n<div class=\"span3 \"><a href=\"http:\/\/ca.sabadellbusinesscenter.com\/\"><div class=\"title-box clearfix \"><h2 class=\"title-box_primary\">Centre negocis<\/h2><\/div><!-- \/\/.title-box --><div class=\"banner-wrap \"><figure class=\"featured-thumbnail\"><img decoding=\"async\" src=\"http:\/\/sabadelltrasters.com\/\/images\/home\/alquiler-para-empresas.png\" title=\"Centre de negocis\" alt=\"\" \/><\/figure><h5>Centre de negocis<\/h5><p>A Sabadell Business Center tamb\u00e9 disposem de lloguer de despatxos a Sabadell per tirar endavant el seu negoci.<\/p><div class=\"link-align\"><a href=\"http:\/\/ca.sabadellbusinesscenter.com\/\" title=\"Llegir m\u00e9s\" class=\"btn btn-link\" target=\"_self\">Llegir m\u00e9s<\/a><\/div><\/div><!-- .banner-wrap (end) --><\/a><\/div>\n<\/div><!-- .row (end) -->\n","protected":false},"excerpt":{"rendered":"","protected":false},"author":1,"featured_media":2584,"parent":0,"menu_order":0,"comment_status":"open","ping_status":"closed","template":"page-home.php","meta":{"_monsterinsights_skip_tracking":false,"_monsterinsights_sitenote_active":false,"_monsterinsights_sitenote_note":"","_monsterinsights_sitenote_category":0,"footnotes":""},"class_list":["post-2631","page","type-page","status-publish","has-post-thumbnail","hentry"],"yoast_head":"<!-- This site is optimized with the Yoast SEO plugin v27.0 - https:\/\/yoast.com\/product\/yoast-seo-wordpress\/ -->\n<title>Sabadell Business Center - Lloguer de trasters a Sabadell<\/title>\n<meta name=\"description\" content=\"A Sabadell Business Center li oferim el lloguer de trasters a Sabadell i voltants: Terrassa, Sant Quirze, Barber\u00e0 del Vall\u00e8s i Santa Perp\u00e8tua.\" \/>\n<meta name=\"robots\" content=\"index, follow, max-snippet:-1, max-image-preview:large, max-video-preview:-1\" \/>\n<link rel=\"canonical\" href=\"https:\/\/sabadelltrasters.com\/ca\/\" \/>\n<meta property=\"og:locale\" content=\"ca_ES\" \/>\n<meta property=\"og:type\" content=\"article\" \/>\n<meta property=\"og:title\" content=\"Sabadell Business Center - Lloguer de trasters a Sabadell\" \/>\n<meta property=\"og:description\" content=\"A Sabadell Business Center li oferim el lloguer de trasters a Sabadell i voltants: Terrassa, Sant Quirze, Barber\u00e0 del Vall\u00e8s i Santa Perp\u00e8tua.\" \/>\n<meta property=\"og:url\" content=\"https:\/\/sabadelltrasters.com\/ca\/\" \/>\n<meta property=\"og:site_name\" content=\"Sabadell Trasters\" \/>\n<meta property=\"article:modified_time\" content=\"2017-03-03T12:42:21+00:00\" \/>\n<meta property=\"og:image\" content=\"https:\/\/sabadelltrasters.com\/content\/uploads\/2011\/09\/storage.png\" \/>\n\t<meta property=\"og:image:width\" content=\"200\" \/>\n\t<meta property=\"og:image:height\" content=\"244\" \/>\n\t<meta property=\"og:image:type\" content=\"image\/png\" \/>\n<meta name=\"twitter:label1\" content=\"Est. reading time\" \/>\n\t<meta name=\"twitter:data1\" content=\"1 minute\" \/>\n<script type=\"application\/ld+json\" class=\"yoast-schema-graph\">{\"@context\":\"https:\/\/schema.org\",\"@graph\":[{\"@type\":\"WebPage\",\"@id\":\"https:\/\/sabadelltrasters.com\/ca\/\",\"url\":\"https:\/\/sabadelltrasters.com\/ca\/\",\"name\":\"Sabadell Business Center - Lloguer de trasters a Sabadell\",\"isPartOf\":{\"@id\":\"https:\/\/www.sabadelltrasters.com\/#website\"},\"primaryImageOfPage\":{\"@id\":\"https:\/\/sabadelltrasters.com\/ca\/#primaryimage\"},\"image\":{\"@id\":\"https:\/\/sabadelltrasters.com\/ca\/#primaryimage\"},\"thumbnailUrl\":\"https:\/\/sabadelltrasters.com\/content\/uploads\/2011\/09\/storage.png\",\"datePublished\":\"2015-02-18T14:39:00+00:00\",\"dateModified\":\"2017-03-03T12:42:21+00:00\",\"description\":\"A Sabadell Business Center li oferim el lloguer de trasters a Sabadell i voltants: Terrassa, Sant Quirze, Barber\u00e0 del Vall\u00e8s i Santa Perp\u00e8tua.\",\"breadcrumb\":{\"@id\":\"https:\/\/sabadelltrasters.com\/ca\/#breadcrumb\"},\"inLanguage\":\"ca\",\"potentialAction\":[{\"@type\":\"ReadAction\",\"target\":[\"https:\/\/sabadelltrasters.com\/ca\/\"]}]},{\"@type\":\"ImageObject\",\"inLanguage\":\"ca\",\"@id\":\"https:\/\/sabadelltrasters.com\/ca\/#primaryimage\",\"url\":\"https:\/\/sabadelltrasters.com\/content\/uploads\/2011\/09\/storage.png\",\"contentUrl\":\"https:\/\/sabadelltrasters.com\/content\/uploads\/2011\/09\/storage.png\",\"width\":200,\"height\":244},{\"@type\":\"BreadcrumbList\",\"@id\":\"https:\/\/sabadelltrasters.com\/ca\/#breadcrumb\",\"itemListElement\":[{\"@type\":\"ListItem\",\"position\":1,\"name\":\"Home\",\"item\":\"https:\/\/sabadelltrasters.com\/ca\/\"},{\"@type\":\"ListItem\",\"position\":2,\"name\":\"Lloguer de trasters a Sabadell\"}]},{\"@type\":\"WebSite\",\"@id\":\"https:\/\/www.sabadelltrasters.com\/#website\",\"url\":\"https:\/\/www.sabadelltrasters.com\/\",\"name\":\"Sabadell Trasters\",\"description\":\"Lloguer de trasters a Sabadell\",\"potentialAction\":[{\"@type\":\"SearchAction\",\"target\":{\"@type\":\"EntryPoint\",\"urlTemplate\":\"https:\/\/www.sabadelltrasters.com\/?s={search_term_string}\"},\"query-input\":{\"@type\":\"PropertyValueSpecification\",\"valueRequired\":true,\"valueName\":\"search_term_string\"}}],\"inLanguage\":\"ca\"}]}<\/script>\n<!-- \/ Yoast SEO plugin. -->","yoast_head_json":{"title":"Sabadell Business Center - Lloguer de trasters a Sabadell","description":"A Sabadell Business Center li oferim el lloguer de trasters a Sabadell i voltants: Terrassa, Sant Quirze, Barber\u00e0 del Vall\u00e8s i Santa Perp\u00e8tua.","robots":{"index":"index","follow":"follow","max-snippet":"max-snippet:-1","max-image-preview":"max-image-preview:large","max-video-preview":"max-video-preview:-1"},"canonical":"https:\/\/sabadelltrasters.com\/ca\/","og_locale":"ca_ES","og_type":"article","og_title":"Sabadell Business Center - Lloguer de trasters a Sabadell","og_description":"A Sabadell Business Center li oferim el lloguer de trasters a Sabadell i voltants: Terrassa, Sant Quirze, Barber\u00e0 del Vall\u00e8s i Santa Perp\u00e8tua.","og_url":"https:\/\/sabadelltrasters.com\/ca\/","og_site_name":"Sabadell Trasters","article_modified_time":"2017-03-03T12:42:21+00:00","og_image":[{"width":200,"height":244,"url":"https:\/\/sabadelltrasters.com\/content\/uploads\/2011\/09\/storage.png","type":"image\/png"}],"twitter_misc":{"Est. reading time":"1 minute"},"schema":{"@context":"https:\/\/schema.org","@graph":[{"@type":"WebPage","@id":"https:\/\/sabadelltrasters.com\/ca\/","url":"https:\/\/sabadelltrasters.com\/ca\/","name":"Sabadell Business Center - Lloguer de trasters a Sabadell","isPartOf":{"@id":"https:\/\/www.sabadelltrasters.com\/#website"},"primaryImageOfPage":{"@id":"https:\/\/sabadelltrasters.com\/ca\/#primaryimage"},"image":{"@id":"https:\/\/sabadelltrasters.com\/ca\/#primaryimage"},"thumbnailUrl":"https:\/\/sabadelltrasters.com\/content\/uploads\/2011\/09\/storage.png","datePublished":"2015-02-18T14:39:00+00:00","dateModified":"2017-03-03T12:42:21+00:00","description":"A Sabadell Business Center li oferim el lloguer de trasters a Sabadell i voltants: Terrassa, Sant Quirze, Barber\u00e0 del Vall\u00e8s i Santa Perp\u00e8tua.","breadcrumb":{"@id":"https:\/\/sabadelltrasters.com\/ca\/#breadcrumb"},"inLanguage":"ca","potentialAction":[{"@type":"ReadAction","target":["https:\/\/sabadelltrasters.com\/ca\/"]}]},{"@type":"ImageObject","inLanguage":"ca","@id":"https:\/\/sabadelltrasters.com\/ca\/#primaryimage","url":"https:\/\/sabadelltrasters.com\/content\/uploads\/2011\/09\/storage.png","contentUrl":"https:\/\/sabadelltrasters.com\/content\/uploads\/2011\/09\/storage.png","width":200,"height":244},{"@type":"BreadcrumbList","@id":"https:\/\/sabadelltrasters.com\/ca\/#breadcrumb","itemListElement":[{"@type":"ListItem","position":1,"name":"Home","item":"https:\/\/sabadelltrasters.com\/ca\/"},{"@type":"ListItem","position":2,"name":"Lloguer de trasters a Sabadell"}]},{"@type":"WebSite","@id":"https:\/\/www.sabadelltrasters.com\/#website","url":"https:\/\/www.sabadelltrasters.com\/","name":"Sabadell Trasters","description":"Lloguer de trasters a Sabadell","potentialAction":[{"@type":"SearchAction","target":{"@type":"EntryPoint","urlTemplate":"https:\/\/www.sabadelltrasters.com\/?s={search_term_string}"},"query-input":{"@type":"PropertyValueSpecification","valueRequired":true,"valueName":"search_term_string"}}],"inLanguage":"ca"}]}},"_links":{"self":[{"href":"https:\/\/sabadelltrasters.com\/ca\/wp-json\/wp\/v2\/pages\/2631","targetHints":{"allow":["GET"]}}],"collection":[{"href":"https:\/\/sabadelltrasters.com\/ca\/wp-json\/wp\/v2\/pages"}],"about":[{"href":"https:\/\/sabadelltrasters.com\/ca\/wp-json\/wp\/v2\/types\/page"}],"author":[{"embeddable":true,"href":"https:\/\/sabadelltrasters.com\/ca\/wp-json\/wp\/v2\/users\/1"}],"replies":[{"embeddable":true,"href":"https:\/\/sabadelltrasters.com\/ca\/wp-json\/wp\/v2\/comments?post=2631"}],"version-history":[{"count":0,"href":"https:\/\/sabadelltrasters.com\/ca\/wp-json\/wp\/v2\/pages\/2631\/revisions"}],"wp:featuredmedia":[{"embeddable":true,"href":"https:\/\/sabadelltrasters.com\/ca\/wp-json\/wp\/v2\/media\/2584"}],"wp:attachment":[{"href":"https:\/\/sabadelltrasters.com\/ca\/wp-json\/wp\/v2\/media?parent=2631"}],"curies":[{"name":"wp","href":"https:\/\/api.w.org\/{rel}","templated":true}]}}