{"id":2625,"date":"2013-05-08T13:58:20","date_gmt":"2013-05-08T11:58:20","guid":{"rendered":"http:\/\/www.sabadelltrasters.com\/?page_id=2625"},"modified":"2017-03-03T13:49:49","modified_gmt":"2017-03-03T12:49:49","slug":"sabadell-trasters-l","status":"publish","type":"page","link":"https:\/\/sabadelltrasters.com\/ca\/sabadell-trasters-l\/","title":{"rendered":"Trasteros &#8220;L&#8221;"},"content":{"rendered":"<div style=\"float: left; width: 600px;\">\n<h2>Trasters \"L\" -\u00a0Lloguer de trasters i magatzems a Sabadell<\/h2>\n<p>Si necessites un espai extra en el teu habitatge o en el teu negoci, t'oferim la soluci\u00f3 amb el nostre servei de<strong> lloguer de trasters i magatzems a Sabadell<\/strong>.<\/p>\n<p>T'oferim el lloguer de trasters a Sabadell on disposem de 4 trasters o magatzems de diferents grand\u00e0ries des de 20 a 25 m2.<\/p>\n<p>Trasters situats al pol\u00edgon de Sabadell Sud de f\u00e0cil acc\u00e9s sense problema d'aparcament, amb un moll de c\u00e0rrega i desc\u00e0rrega.<\/p>\n<p><strong>Trasters des de 20 a 25m2 des de <strong style='color: #2c3c65; font-size: 1.2em;'>171\u20ac\/mes<\/strong>.<\/strong><\/p>\n<p>Ideals per a l'emmagatzematge de:<\/p>\n<ul>\n<li>Electrodom\u00e8stics, mobles, petites maquin\u00e0ries, \u2026<\/li>\n<li>Com a magatzem de mercaderies per a petits negocis.<\/li>\n<li>Si necessita fer la mudan\u00e7a o trasllat, disposem de vehicle amb xofer (2 primeres hores gratu\u00eftes).<\/li>\n<li>Vigil\u00e0ncia i seguretat 24 hores.<\/li>\n<li>Trasters situats en el soterrani de l'edifici <a href=\"http:\/\/www.sabadellbusinesscenter.com\" target=\"_blank\">SABADELL BUSSINES CENTER<\/a>.<\/li>\n<\/ul>\n<\/div>\n<div style=\"float: right; width: 300px; height: 400px; box-shadow: 0 0px 5px 1px rgba(0, 0, 0, 1); -moz-box-shadow: 0 0px 5px 1px rgba(0, 0, 0, 1); -webkit-box-shadow: 0 0px 5px 1px rgba(0, 0, 0, 1);\"><img loading=\"lazy\" decoding=\"async\" class=\"alignnone size-full wp-image-2457\" style=\"margin: 0 !important;\" alt=\"Trasteros L - Sabadell Trasteros\" src=\"http:\/\/www.sabadelltrasters.com\/content\/uploads\/2013\/05\/p-trasters_l.jpg\" width=\"300\" height=\"400\" srcset=\"https:\/\/sabadelltrasters.com\/content\/uploads\/2013\/05\/p-trasters_l.jpg 300w, https:\/\/sabadelltrasters.com\/content\/uploads\/2013\/05\/p-trasters_l-225x300.jpg 225w\" sizes=\"auto, (max-width: 300px) 100vw, 300px\" \/><\/div>\n<p>&nbsp;<\/p>\n","protected":false},"excerpt":{"rendered":"<p>Trasters \"L\" -\u00a0Lloguer de trasters i magatzems a Sabadell Si necessites un espai extra en el teu habitatge o en el teu negoci, t'oferim la soluci\u00f3 amb el nostre servei de lloguer de trasters i magatzems a Sabadell. T'oferim el lloguer de trasters a Sabadell on disposem de 4 trasters o magatzems de diferents grand\u00e0ries des de 20 a 25 m2. Trasters situats al pol\u00edgon de Sabadell Sud de f\u00e0cil acc\u00e9s sense problema d'aparcament, amb un moll de c\u00e0rrega i desc\u00e0rrega. Trasters des de 20 a 25m2 des de 171\u20ac\/mes. Ideals per a l'emmagatzematge de: Electrodom\u00e8stics, mobles, petites maquin\u00e0ries, \u2026 Com a magatzem de mercaderies per a petits negocis. Si necessita fer la mudan\u00e7a o trasllat, disposem de vehicle amb xofer (2 primeres hores gratu\u00eftes). Vigil\u00e0ncia i seguretat 24 hores. Trasters situats en el soterrani de l'edifici SABADELL BUSSINES CENTER. &nbsp;<\/p>\n","protected":false},"author":1,"featured_media":0,"parent":0,"menu_order":0,"comment_status":"closed","ping_status":"closed","template":"page-fullwidth.php","meta":{"_monsterinsights_skip_tracking":false,"_monsterinsights_sitenote_active":false,"_monsterinsights_sitenote_note":"","_monsterinsights_sitenote_category":0,"footnotes":""},"class_list":["post-2625","page","type-page","status-publish","hentry"],"yoast_head":"<!-- This site is optimized with the Yoast SEO plugin v27.0 - https:\/\/yoast.com\/product\/yoast-seo-wordpress\/ -->\n<title>Alquiler de trasteros y mini-almacenes en Sabadell<\/title>\n<meta name=\"description\" content=\"En Sabadell Business Center le ofrecemos el alquiler de trasteros y mini-almacenes en Sabadell. \u00a1Obtenga los mejores precios de alquiler!\" \/>\n<meta name=\"robots\" content=\"index, follow, max-snippet:-1, max-image-preview:large, max-video-preview:-1\" \/>\n<link rel=\"canonical\" href=\"https:\/\/sabadelltrasters.com\/ca\/sabadell-trasters-l\/\" \/>\n<meta property=\"og:locale\" content=\"ca_ES\" \/>\n<meta property=\"og:type\" content=\"article\" \/>\n<meta property=\"og:title\" content=\"Alquiler de trasteros y mini-almacenes en Sabadell\" \/>\n<meta property=\"og:description\" content=\"En Sabadell Business Center le ofrecemos el alquiler de trasteros y mini-almacenes en Sabadell. \u00a1Obtenga los mejores precios de alquiler!\" \/>\n<meta property=\"og:url\" content=\"https:\/\/sabadelltrasters.com\/ca\/sabadell-trasters-l\/\" \/>\n<meta property=\"og:site_name\" content=\"Sabadell Trasters\" \/>\n<meta property=\"article:modified_time\" content=\"2017-03-03T12:49:49+00:00\" \/>\n<meta property=\"og:image\" content=\"http:\/\/www.sabadelltrasters.com\/content\/uploads\/2013\/05\/p-trasters_l.jpg\" \/>\n<meta name=\"twitter:label1\" content=\"Est. reading time\" \/>\n\t<meta name=\"twitter:data1\" content=\"1 minute\" \/>\n<script type=\"application\/ld+json\" class=\"yoast-schema-graph\">{\"@context\":\"https:\/\/schema.org\",\"@graph\":[{\"@type\":\"WebPage\",\"@id\":\"https:\/\/sabadelltrasters.com\/ca\/sabadell-trasters-l\/\",\"url\":\"https:\/\/sabadelltrasters.com\/ca\/sabadell-trasters-l\/\",\"name\":\"Alquiler de trasteros y mini-almacenes en Sabadell\",\"isPartOf\":{\"@id\":\"https:\/\/www.sabadelltrasters.com\/#website\"},\"primaryImageOfPage\":{\"@id\":\"https:\/\/sabadelltrasters.com\/ca\/sabadell-trasters-l\/#primaryimage\"},\"image\":{\"@id\":\"https:\/\/sabadelltrasters.com\/ca\/sabadell-trasters-l\/#primaryimage\"},\"thumbnailUrl\":\"http:\/\/www.sabadelltrasters.com\/content\/uploads\/2013\/05\/p-trasters_l.jpg\",\"datePublished\":\"2013-05-08T11:58:20+00:00\",\"dateModified\":\"2017-03-03T12:49:49+00:00\",\"description\":\"En Sabadell Business Center le ofrecemos el alquiler de trasteros y mini-almacenes en Sabadell. \u00a1Obtenga los mejores precios de alquiler!\",\"breadcrumb\":{\"@id\":\"https:\/\/sabadelltrasters.com\/ca\/sabadell-trasters-l\/#breadcrumb\"},\"inLanguage\":\"ca\",\"potentialAction\":[{\"@type\":\"ReadAction\",\"target\":[\"https:\/\/sabadelltrasters.com\/ca\/sabadell-trasters-l\/\"]}]},{\"@type\":\"ImageObject\",\"inLanguage\":\"ca\",\"@id\":\"https:\/\/sabadelltrasters.com\/ca\/sabadell-trasters-l\/#primaryimage\",\"url\":\"http:\/\/www.sabadelltrasters.com\/content\/uploads\/2013\/05\/p-trasters_l.jpg\",\"contentUrl\":\"http:\/\/www.sabadelltrasters.com\/content\/uploads\/2013\/05\/p-trasters_l.jpg\"},{\"@type\":\"BreadcrumbList\",\"@id\":\"https:\/\/sabadelltrasters.com\/ca\/sabadell-trasters-l\/#breadcrumb\",\"itemListElement\":[{\"@type\":\"ListItem\",\"position\":1,\"name\":\"Home\",\"item\":\"https:\/\/www.sabadelltrasters.com\/ca\/\"},{\"@type\":\"ListItem\",\"position\":2,\"name\":\"Trasteros &#8220;L&#8221;\"}]},{\"@type\":\"WebSite\",\"@id\":\"https:\/\/www.sabadelltrasters.com\/#website\",\"url\":\"https:\/\/www.sabadelltrasters.com\/\",\"name\":\"Sabadell Trasters\",\"description\":\"Lloguer de trasters a Sabadell\",\"potentialAction\":[{\"@type\":\"SearchAction\",\"target\":{\"@type\":\"EntryPoint\",\"urlTemplate\":\"https:\/\/www.sabadelltrasters.com\/?s={search_term_string}\"},\"query-input\":{\"@type\":\"PropertyValueSpecification\",\"valueRequired\":true,\"valueName\":\"search_term_string\"}}],\"inLanguage\":\"ca\"}]}<\/script>\n<!-- \/ Yoast SEO plugin. -->","yoast_head_json":{"title":"Alquiler de trasteros y mini-almacenes en Sabadell","description":"En Sabadell Business Center le ofrecemos el alquiler de trasteros y mini-almacenes en Sabadell. \u00a1Obtenga los mejores precios de alquiler!","robots":{"index":"index","follow":"follow","max-snippet":"max-snippet:-1","max-image-preview":"max-image-preview:large","max-video-preview":"max-video-preview:-1"},"canonical":"https:\/\/sabadelltrasters.com\/ca\/sabadell-trasters-l\/","og_locale":"ca_ES","og_type":"article","og_title":"Alquiler de trasteros y mini-almacenes en Sabadell","og_description":"En Sabadell Business Center le ofrecemos el alquiler de trasteros y mini-almacenes en Sabadell. \u00a1Obtenga los mejores precios de alquiler!","og_url":"https:\/\/sabadelltrasters.com\/ca\/sabadell-trasters-l\/","og_site_name":"Sabadell Trasters","article_modified_time":"2017-03-03T12:49:49+00:00","og_image":[{"url":"http:\/\/www.sabadelltrasters.com\/content\/uploads\/2013\/05\/p-trasters_l.jpg","type":"","width":"","height":""}],"twitter_misc":{"Est. reading time":"1 minute"},"schema":{"@context":"https:\/\/schema.org","@graph":[{"@type":"WebPage","@id":"https:\/\/sabadelltrasters.com\/ca\/sabadell-trasters-l\/","url":"https:\/\/sabadelltrasters.com\/ca\/sabadell-trasters-l\/","name":"Alquiler de trasteros y mini-almacenes en Sabadell","isPartOf":{"@id":"https:\/\/www.sabadelltrasters.com\/#website"},"primaryImageOfPage":{"@id":"https:\/\/sabadelltrasters.com\/ca\/sabadell-trasters-l\/#primaryimage"},"image":{"@id":"https:\/\/sabadelltrasters.com\/ca\/sabadell-trasters-l\/#primaryimage"},"thumbnailUrl":"http:\/\/www.sabadelltrasters.com\/content\/uploads\/2013\/05\/p-trasters_l.jpg","datePublished":"2013-05-08T11:58:20+00:00","dateModified":"2017-03-03T12:49:49+00:00","description":"En Sabadell Business Center le ofrecemos el alquiler de trasteros y mini-almacenes en Sabadell. \u00a1Obtenga los mejores precios de alquiler!","breadcrumb":{"@id":"https:\/\/sabadelltrasters.com\/ca\/sabadell-trasters-l\/#breadcrumb"},"inLanguage":"ca","potentialAction":[{"@type":"ReadAction","target":["https:\/\/sabadelltrasters.com\/ca\/sabadell-trasters-l\/"]}]},{"@type":"ImageObject","inLanguage":"ca","@id":"https:\/\/sabadelltrasters.com\/ca\/sabadell-trasters-l\/#primaryimage","url":"http:\/\/www.sabadelltrasters.com\/content\/uploads\/2013\/05\/p-trasters_l.jpg","contentUrl":"http:\/\/www.sabadelltrasters.com\/content\/uploads\/2013\/05\/p-trasters_l.jpg"},{"@type":"BreadcrumbList","@id":"https:\/\/sabadelltrasters.com\/ca\/sabadell-trasters-l\/#breadcrumb","itemListElement":[{"@type":"ListItem","position":1,"name":"Home","item":"https:\/\/www.sabadelltrasters.com\/ca\/"},{"@type":"ListItem","position":2,"name":"Trasteros &#8220;L&#8221;"}]},{"@type":"WebSite","@id":"https:\/\/www.sabadelltrasters.com\/#website","url":"https:\/\/www.sabadelltrasters.com\/","name":"Sabadell Trasters","description":"Lloguer de trasters a Sabadell","potentialAction":[{"@type":"SearchAction","target":{"@type":"EntryPoint","urlTemplate":"https:\/\/www.sabadelltrasters.com\/?s={search_term_string}"},"query-input":{"@type":"PropertyValueSpecification","valueRequired":true,"valueName":"search_term_string"}}],"inLanguage":"ca"}]}},"_links":{"self":[{"href":"https:\/\/sabadelltrasters.com\/ca\/wp-json\/wp\/v2\/pages\/2625","targetHints":{"allow":["GET"]}}],"collection":[{"href":"https:\/\/sabadelltrasters.com\/ca\/wp-json\/wp\/v2\/pages"}],"about":[{"href":"https:\/\/sabadelltrasters.com\/ca\/wp-json\/wp\/v2\/types\/page"}],"author":[{"embeddable":true,"href":"https:\/\/sabadelltrasters.com\/ca\/wp-json\/wp\/v2\/users\/1"}],"replies":[{"embeddable":true,"href":"https:\/\/sabadelltrasters.com\/ca\/wp-json\/wp\/v2\/comments?post=2625"}],"version-history":[{"count":0,"href":"https:\/\/sabadelltrasters.com\/ca\/wp-json\/wp\/v2\/pages\/2625\/revisions"}],"wp:attachment":[{"href":"https:\/\/sabadelltrasters.com\/ca\/wp-json\/wp\/v2\/media?parent=2625"}],"curies":[{"name":"wp","href":"https:\/\/api.w.org\/{rel}","templated":true}]}}