{"id":2620,"date":"2015-02-18T15:27:52","date_gmt":"2015-02-18T14:27:52","guid":{"rendered":"http:\/\/www.sabadelltrasters.com\/?page_id=2620"},"modified":"2015-03-17T17:33:05","modified_gmt":"2015-03-17T16:33:05","slug":"sabadell-trasters-s","status":"publish","type":"page","link":"https:\/\/sabadelltrasters.com\/ca\/sabadell-trasters-s\/","title":{"rendered":"Trasters &#8220;S&#8221;"},"content":{"rendered":"<div style=\"float: left; width: 600px;\">\n<h2>Trastes \"S\" - Sabadell Trasters<\/h2>\n<p>Si necessites un espai extra que li doni oxigen al seu habitatge o al seu negoci, t'oferim la soluci\u00f3 amb el nostre servei <strong>Sabadell Trasters<\/strong>.<\/p>\n<p>T'oferim lloguer de trasters a Sabadell on disposem de 20 trasters de diferents mides des de 1,20 a 1,70 m2.<\/p>\n<p>Trasters situats en el pol\u00edgon de Sabadell Sud de f\u00e0cil acc\u00e9s sense problema d'aparcament, amb un moll de c\u00e0rrega i desc\u00e0rrega.<\/p>\n<p><strong>Trasters des de 1,20-1,70m2 a <span style='color: #2c3c65; font-size: 1.2em;'>22\u20ac\/mes<\/span>.<\/strong><\/p>\n<p>Ideals per a l'emmagatzematge de:<\/p>\n<ul>\n<li>Roba, joguines, material d'oficina, arxiu de documents, ...<\/li>\n<li>Si necessita fer la mudan\u00e7a o trasllat, disposem de vehicle amb xofer (2 primeres hores gratu\u00eftes).<\/li>\n<li>Vigil\u00e0ncia i seguretat les 24 hores.<\/li>\n<li>Trasters situats al soterrani de l'edifici SABADELL BUSSINES CENTER.<\/li>\n<\/ul>\n<\/div>\n<div style=\"float: right; box-shadow: 0 0px 5px 1px rgba(0, 0, 0, 1); -moz-box-shadow: 0 0px 5px 1px rgba(0, 0, 0, 1); -webkit-box-shadow: 0 0px 5px 1px rgba(0, 0, 0, 1);\">\n<img loading=\"lazy\" decoding=\"async\" style=\"margin: 0 !important;\" src=\"http:\/\/www.sabadelltrasters.com\/content\/uploads\/2013\/05\/p-trasters_s.jpg\" alt=\"Trasters S - Sabadell Trasters\" width=\"300\" height=\"400\" class=\"alignnone size-full wp-image-2444\" \/>\n<\/div>\n","protected":false},"excerpt":{"rendered":"<p>Trastes \"S\" - Sabadell Trasters Si necessites un espai extra que li doni oxigen al seu habitatge o al seu negoci, t'oferim la soluci\u00f3 amb el nostre servei Sabadell Trasters. T'oferim lloguer de trasters a Sabadell on disposem de 20 trasters de diferents mides des de 1,20 a 1,70 m2. Trasters situats en el pol\u00edgon de Sabadell Sud de f\u00e0cil acc\u00e9s sense problema d'aparcament, amb un moll de c\u00e0rrega i desc\u00e0rrega. Trasters des de 1,20-1,70m2 a 22\u20ac\/mes. Ideals per a l'emmagatzematge de: Roba, joguines, material d'oficina, arxiu de documents, ... Si necessita fer la mudan\u00e7a o trasllat, disposem de vehicle amb xofer (2 primeres hores gratu\u00eftes). Vigil\u00e0ncia i seguretat les 24 hores. Trasters situats al soterrani de l'edifici SABADELL BUSSINES CENTER.<\/p>\n","protected":false},"author":1,"featured_media":2594,"parent":0,"menu_order":0,"comment_status":"closed","ping_status":"closed","template":"page-fullwidth.php","meta":{"_monsterinsights_skip_tracking":false,"_monsterinsights_sitenote_active":false,"_monsterinsights_sitenote_note":"","_monsterinsights_sitenote_category":0,"footnotes":""},"class_list":["post-2620","page","type-page","status-publish","has-post-thumbnail","hentry"],"yoast_head":"<!-- This site is optimized with the Yoast SEO plugin v27.0 - https:\/\/yoast.com\/product\/yoast-seo-wordpress\/ -->\n<title>Lloguer de trasters y minimagatzems a Sabadell<\/title>\n<meta name=\"description\" content=\"A Sabadell Business Center oferim els nostres Trasters &quot;S&quot; amb el lloguer de trasters a Sabadell amb els nostres servei Sabadell Trasters.\" \/>\n<meta name=\"robots\" content=\"index, follow, max-snippet:-1, max-image-preview:large, max-video-preview:-1\" \/>\n<link rel=\"canonical\" href=\"https:\/\/www.sabadelltrasters.com\/ca\/sabadell-trasters-s\/\" \/>\n<meta property=\"og:locale\" content=\"ca_ES\" \/>\n<meta property=\"og:type\" content=\"article\" \/>\n<meta property=\"og:title\" content=\"Lloguer de trasters y minimagatzems a Sabadell\" \/>\n<meta property=\"og:description\" content=\"A Sabadell Business Center oferim els nostres Trasters &quot;S&quot; amb el lloguer de trasters a Sabadell amb els nostres servei Sabadell Trasters.\" \/>\n<meta property=\"og:url\" content=\"https:\/\/www.sabadelltrasters.com\/ca\/sabadell-trasters-s\/\" \/>\n<meta property=\"og:site_name\" content=\"Sabadell Trasters\" \/>\n<meta property=\"article:modified_time\" content=\"2015-03-17T16:33:05+00:00\" \/>\n<meta property=\"og:image\" content=\"https:\/\/www.sabadelltrasters.com\/content\/uploads\/2013\/10\/trasteros-s.jpg\" \/>\n\t<meta property=\"og:image:width\" content=\"200\" \/>\n\t<meta property=\"og:image:height\" content=\"244\" \/>\n\t<meta property=\"og:image:type\" content=\"image\/jpeg\" \/>\n<meta name=\"twitter:label1\" content=\"Est. reading time\" \/>\n\t<meta name=\"twitter:data1\" content=\"1 minute\" \/>\n<script type=\"application\/ld+json\" class=\"yoast-schema-graph\">{\"@context\":\"https:\/\/schema.org\",\"@graph\":[{\"@type\":\"WebPage\",\"@id\":\"https:\/\/www.sabadelltrasters.com\/ca\/sabadell-trasters-s\/\",\"url\":\"https:\/\/www.sabadelltrasters.com\/ca\/sabadell-trasters-s\/\",\"name\":\"Lloguer de trasters y minimagatzems a Sabadell\",\"isPartOf\":{\"@id\":\"https:\/\/www.sabadelltrasters.com\/#website\"},\"primaryImageOfPage\":{\"@id\":\"https:\/\/www.sabadelltrasters.com\/ca\/sabadell-trasters-s\/#primaryimage\"},\"image\":{\"@id\":\"https:\/\/www.sabadelltrasters.com\/ca\/sabadell-trasters-s\/#primaryimage\"},\"thumbnailUrl\":\"https:\/\/sabadelltrasters.com\/content\/uploads\/2013\/10\/trasteros-s.jpg\",\"datePublished\":\"2015-02-18T14:27:52+00:00\",\"dateModified\":\"2015-03-17T16:33:05+00:00\",\"description\":\"A Sabadell Business Center oferim els nostres Trasters \\\"S\\\" amb el lloguer de trasters a Sabadell amb els nostres servei Sabadell Trasters.\",\"breadcrumb\":{\"@id\":\"https:\/\/www.sabadelltrasters.com\/ca\/sabadell-trasters-s\/#breadcrumb\"},\"inLanguage\":\"ca\",\"potentialAction\":[{\"@type\":\"ReadAction\",\"target\":[\"https:\/\/www.sabadelltrasters.com\/ca\/sabadell-trasters-s\/\"]}]},{\"@type\":\"ImageObject\",\"inLanguage\":\"ca\",\"@id\":\"https:\/\/www.sabadelltrasters.com\/ca\/sabadell-trasters-s\/#primaryimage\",\"url\":\"https:\/\/sabadelltrasters.com\/content\/uploads\/2013\/10\/trasteros-s.jpg\",\"contentUrl\":\"https:\/\/sabadelltrasters.com\/content\/uploads\/2013\/10\/trasteros-s.jpg\",\"width\":200,\"height\":244},{\"@type\":\"BreadcrumbList\",\"@id\":\"https:\/\/www.sabadelltrasters.com\/ca\/sabadell-trasters-s\/#breadcrumb\",\"itemListElement\":[{\"@type\":\"ListItem\",\"position\":1,\"name\":\"Home\",\"item\":\"https:\/\/sabadelltrasters.com\/ca\/\"},{\"@type\":\"ListItem\",\"position\":2,\"name\":\"Trasters &#8220;S&#8221;\"}]},{\"@type\":\"WebSite\",\"@id\":\"https:\/\/www.sabadelltrasters.com\/#website\",\"url\":\"https:\/\/www.sabadelltrasters.com\/\",\"name\":\"Sabadell Trasters\",\"description\":\"Lloguer de trasters a Sabadell\",\"potentialAction\":[{\"@type\":\"SearchAction\",\"target\":{\"@type\":\"EntryPoint\",\"urlTemplate\":\"https:\/\/www.sabadelltrasters.com\/?s={search_term_string}\"},\"query-input\":{\"@type\":\"PropertyValueSpecification\",\"valueRequired\":true,\"valueName\":\"search_term_string\"}}],\"inLanguage\":\"ca\"}]}<\/script>\n<!-- \/ Yoast SEO plugin. -->","yoast_head_json":{"title":"Lloguer de trasters y minimagatzems a Sabadell","description":"A Sabadell Business Center oferim els nostres Trasters \"S\" amb el lloguer de trasters a Sabadell amb els nostres servei Sabadell Trasters.","robots":{"index":"index","follow":"follow","max-snippet":"max-snippet:-1","max-image-preview":"max-image-preview:large","max-video-preview":"max-video-preview:-1"},"canonical":"https:\/\/www.sabadelltrasters.com\/ca\/sabadell-trasters-s\/","og_locale":"ca_ES","og_type":"article","og_title":"Lloguer de trasters y minimagatzems a Sabadell","og_description":"A Sabadell Business Center oferim els nostres Trasters \"S\" amb el lloguer de trasters a Sabadell amb els nostres servei Sabadell Trasters.","og_url":"https:\/\/www.sabadelltrasters.com\/ca\/sabadell-trasters-s\/","og_site_name":"Sabadell Trasters","article_modified_time":"2015-03-17T16:33:05+00:00","og_image":[{"width":200,"height":244,"url":"https:\/\/www.sabadelltrasters.com\/content\/uploads\/2013\/10\/trasteros-s.jpg","type":"image\/jpeg"}],"twitter_misc":{"Est. reading time":"1 minute"},"schema":{"@context":"https:\/\/schema.org","@graph":[{"@type":"WebPage","@id":"https:\/\/www.sabadelltrasters.com\/ca\/sabadell-trasters-s\/","url":"https:\/\/www.sabadelltrasters.com\/ca\/sabadell-trasters-s\/","name":"Lloguer de trasters y minimagatzems a Sabadell","isPartOf":{"@id":"https:\/\/www.sabadelltrasters.com\/#website"},"primaryImageOfPage":{"@id":"https:\/\/www.sabadelltrasters.com\/ca\/sabadell-trasters-s\/#primaryimage"},"image":{"@id":"https:\/\/www.sabadelltrasters.com\/ca\/sabadell-trasters-s\/#primaryimage"},"thumbnailUrl":"https:\/\/sabadelltrasters.com\/content\/uploads\/2013\/10\/trasteros-s.jpg","datePublished":"2015-02-18T14:27:52+00:00","dateModified":"2015-03-17T16:33:05+00:00","description":"A Sabadell Business Center oferim els nostres Trasters \"S\" amb el lloguer de trasters a Sabadell amb els nostres servei Sabadell Trasters.","breadcrumb":{"@id":"https:\/\/www.sabadelltrasters.com\/ca\/sabadell-trasters-s\/#breadcrumb"},"inLanguage":"ca","potentialAction":[{"@type":"ReadAction","target":["https:\/\/www.sabadelltrasters.com\/ca\/sabadell-trasters-s\/"]}]},{"@type":"ImageObject","inLanguage":"ca","@id":"https:\/\/www.sabadelltrasters.com\/ca\/sabadell-trasters-s\/#primaryimage","url":"https:\/\/sabadelltrasters.com\/content\/uploads\/2013\/10\/trasteros-s.jpg","contentUrl":"https:\/\/sabadelltrasters.com\/content\/uploads\/2013\/10\/trasteros-s.jpg","width":200,"height":244},{"@type":"BreadcrumbList","@id":"https:\/\/www.sabadelltrasters.com\/ca\/sabadell-trasters-s\/#breadcrumb","itemListElement":[{"@type":"ListItem","position":1,"name":"Home","item":"https:\/\/sabadelltrasters.com\/ca\/"},{"@type":"ListItem","position":2,"name":"Trasters &#8220;S&#8221;"}]},{"@type":"WebSite","@id":"https:\/\/www.sabadelltrasters.com\/#website","url":"https:\/\/www.sabadelltrasters.com\/","name":"Sabadell Trasters","description":"Lloguer de trasters a Sabadell","potentialAction":[{"@type":"SearchAction","target":{"@type":"EntryPoint","urlTemplate":"https:\/\/www.sabadelltrasters.com\/?s={search_term_string}"},"query-input":{"@type":"PropertyValueSpecification","valueRequired":true,"valueName":"search_term_string"}}],"inLanguage":"ca"}]}},"_links":{"self":[{"href":"https:\/\/sabadelltrasters.com\/ca\/wp-json\/wp\/v2\/pages\/2620","targetHints":{"allow":["GET"]}}],"collection":[{"href":"https:\/\/sabadelltrasters.com\/ca\/wp-json\/wp\/v2\/pages"}],"about":[{"href":"https:\/\/sabadelltrasters.com\/ca\/wp-json\/wp\/v2\/types\/page"}],"author":[{"embeddable":true,"href":"https:\/\/sabadelltrasters.com\/ca\/wp-json\/wp\/v2\/users\/1"}],"replies":[{"embeddable":true,"href":"https:\/\/sabadelltrasters.com\/ca\/wp-json\/wp\/v2\/comments?post=2620"}],"version-history":[{"count":0,"href":"https:\/\/sabadelltrasters.com\/ca\/wp-json\/wp\/v2\/pages\/2620\/revisions"}],"wp:featuredmedia":[{"embeddable":true,"href":"https:\/\/sabadelltrasters.com\/ca\/wp-json\/wp\/v2\/media\/2594"}],"wp:attachment":[{"href":"https:\/\/sabadelltrasters.com\/ca\/wp-json\/wp\/v2\/media?parent=2620"}],"curies":[{"name":"wp","href":"https:\/\/api.w.org\/{rel}","templated":true}]}}